{"id":148933,"date":"2024-11-09T22:47:52","date_gmt":"2024-11-09T21:47:52","guid":{"rendered":"https:\/\/chesterpolje.com\/terms-and-conditions\/"},"modified":"2024-11-10T14:07:41","modified_gmt":"2024-11-10T13:07:41","slug":"terms-and-conditions","status":"publish","type":"page","link":"https:\/\/chesterpolje.com\/en\/terms-and-conditions\/","title":{"rendered":"Terms and conditions"},"content":{"rendered":"<div class=\"wpb-content-wrapper\"><p>[vc_row][vc_column column_width_percent=&#8221;100&#8243; align_horizontal=&#8221;align_center&#8221; gutter_size=&#8221;3&#8243; overlay_alpha=&#8221;50&#8243; shift_x=&#8221;0&#8243; shift_y=&#8221;0&#8243; shift_y_down=&#8221;0&#8243; z_index=&#8221;0&#8243; medium_width=&#8221;0&#8243; mobile_width=&#8221;0&#8243; width=&#8221;1\/1&#8243; uncode_shortcode_id=&#8221;249903&#8243;][vc_custom_heading heading_semantic=&#8221;h1&#8243; text_font=&#8221;font-175345&#8243; text_size=&#8221;fontsize-338686&#8243; text_weight=&#8221;700&#8243; text_height=&#8221;fontheight-357766&#8243; css_animation=&#8221;curtain-words&#8221; uncode_shortcode_id=&#8221;774566&#8243;]Pogoji poslovanja[\/vc_custom_heading][\/vc_column][\/vc_row][vc_row][vc_column width=&#8221;1\/1&#8243;][vc_column_text uncode_shortcode_id=&#8221;767936&#8243;]<\/p>\n<div class=\"elementor-element elementor-element-e741bfb e-flex e-con-boxed e-con e-parent e-lazyloaded\" data-id=\"e741bfb\" data-element_type=\"container\">\n<div class=\"e-con-inner\">\n<div class=\"elementor-element elementor-element-0a57124 elementor-widget elementor-widget-text-editor animated fadeIn\" data-id=\"0a57124\" data-element_type=\"widget\" data-settings=\"{&quot;_animation&quot;:&quot;fadeIn&quot;}\" data-widget_type=\"text-editor.default\">\n<div class=\"elementor-widget-container\">\n<p>Svetujemo vam, da pred uporabo strani pazljivo preberete spodaj navedene pogoje poslovanja. Z uporabo spletne strani izra\u017eate svoje strinjanje z navedenimi pogoji. \u010ce se s pogoji ne strinjate, vas prosimo, da ne uporabljate spletne strani chesterpolje.com.<\/p>\n<p>Spletna stran chesterpolje.com in (v nadaljevanju Spletna stran) je spletna stran in spletna prodajalna podjetja CHESTER POLJE, Bistra, 1353 Borovnica, dav\u010dna \u0161tevilka 11114444, mati\u010dna \u0161tevilka 9777777000 (v nadaljevanju Ponudnik).<\/p>\n<p>Ponudnik si pridr\u017euje pravico do spremembe pogojev na Spletni strani. Vse spremembe so zavezujo\u010de za obiskovalce in kupce (v nadaljevanju Uporabnike) na Spletni strani, zato vam priporo\u010damo, da si vsakokrat vsaj pred naro\u010dilom in\/ali nakupom (v nadaljevanju Nakupom) preko Spletne strani ogledate aktualne pogoje poslovanja.<\/p>\n<p>Ponudnik se zavezuje, da Spletna stran posluje v skladu z Zakonom o varstvu potro\u0161nikov, Zakonom o varstvu osebnih podatkov, Obligacijskim zakonikom, Zakonom o elektronskem poslovanju in elektronskem podpisu, Zakonu o avtorski in sorodnih pravicah in na podlagi priporo\u010dil GZS in mednarodnih kodeksov za e-poslovanje.<\/p>\n<p>Vsebine, objavljene na Spletni strani, so last Ponudnika in se lahko uporabljajo le v nekomercialne namene. Ne sme se jih kopirati, razmno\u017eevati ali na kakr\u0161enkoli drug na\u010din distribuirati brez dovoljenja Ponudnika. Ponudnik ni odgovoren za ob\u010dasno nedelovanje strani, morebitno neto\u010dnost informacij in tudi ne za morebitno \u0161kodo nastalo zaradi uporabe neto\u010dnih ali nepopolnih informacij.<\/p>\n<h4>Kontakt<\/h4>\n<p>Kontaktni podatki so dostopni na Spletni strani v zavihku Kontakt. Za vso komunikacijo, ki se izmenjuje med Ponudnikom in Uporabnik v elektronski obliki velja, kot da je bila izvedena v pisni obliki in ima veljavo pogodbe.<\/p>\n<h4>Nakup<\/h4>\n<p>Nakup se lahko izvede v \u017eivo.<\/p>\n<p>Nakup pomeni sklenitev prodajne pogodbe (v nadaljevanju Pogodbe). Pogodba je pri nakupih preko Spletne strani v elektronski obliki shranjena na stre\u017eniku Ponudnika.<\/p>\n<p>Pogodba med Ponudnikom in Uporabnikom na Spletni strani je sklenjena v trenutku, ko Ponudnik potrdi naro\u010dilo (Uporabnik prejme elektronsko sporo\u010dilo s potrditvijo Nakupa). Od tega trenutka so vse cene in drugi pogoji fiksirani in veljajo tako za Ponudnika, kot za Uporabnika.<\/p>\n<p>Po potrditvi Nakupa je preklic mo\u017een samo po elektronski po\u0161ti najmanj 6 ur pred dogovorjeno dostavo, v kolikor je bil \u010das dostave to\u010dno dogovorjen, druga\u010de pa najmanj 24 ur pred dnem dostave. Ponudnik v tem primeru morebiti \u017ee pla\u010dani znesek, zmanj\u0161an za stro\u0161ke nakazila in druge ustrezno ovrednotene in zara\u010dunane povezane stro\u0161ke, ki jih je imel, vrne Uporabniku v roku dveh tednov potem, ko mu Uporabnik posreduje vse potrebne podatke.<\/p>\n<h4>Prijava<\/h4>\n<p>Na Spletno stran se ni potrebno prijaviti. Za Nakup pa se vsak Uporabnik registrira preko Spletne strani in pridobi po vnosu podatkov na izbrani naslov elektronske po\u0161te uporabni\u0161ko ime in geslo, s katerima se pri Nakupih identificira. Geslo je tajno in znano le uporabniku. Uporabnik je dol\u017ean zagotoviti, da bo v njegovem imenu in z njegovim geslom nastopal samo on oziroma oseba, ki je poobla\u0161\u010dena za nastopanje v njegovem imenu.<\/p>\n<p>Ponudnik pridobljene podatke zbira, vodi, obdeluje in shranjuje izklju\u010dno za potrebe lastnega poslovanja, po\u0161iljanja informativnega gradiva, ponudb, ra\u010dunov in druge potrebne komunikacije in jih v nobeni obliki ne nudi drugim pravnim ali fizi\u010dnim osebam, razen \u010de podatke zahteva pristojen dr\u017eavni organ z dokon\u010dno odlo\u010dbo, izdano pri izvajanju svojih zakonitih nalog.<\/p>\n<p>Morebitna obvestila o mese\u010dnih akcijah in reklamna elektronska sporo\u010dila so jasno in nedvoumno ozna\u010dena kot reklamna sporo\u010dila. Ponudnik je jasno razviden. \u017deljo Uporabnika, da ne prejema reklamnih sporo\u010dil ter obvestil o mese\u010dnih akcijah, bo Ponudnik brezpogojno upo\u0161teval.<\/p>\n<h4>Dostava<\/h4>\n<p>Pogoji dostave so navedeni v zavihku Dostava. Ostale pogoje, ki bi odstopali od navedenega dogovorita Uporabnik in Ponudnik posebej. Pri nakupih preko Spletne strani se, za dostavo obra\u010duna fiksna cena dostave 12,00 EUR z vklju\u010denim davkom na dodano vrednost. Pri ostalin na\u010dinih nakupa, pa se obra\u010duna 1,40 EUR\/km z vklju\u010denim davkom na dodano vrednost.<\/p>\n<p>Uporabnik mora zagotoviti natan\u010dne podatke o prejemniku izdelka, storitve ali blaga (v nadaljevanju Izdelka) tudi kadar Uporabnik in prejemnik morda nista ista, ter dosegljivost prejemnika v dogovorjenem \u010dasu na dogovorjeni lokaciji. V primeru da prejemniku, ali osebi, ki bi Izdelek poobla\u0161\u010deno prevzela namesto prejemnika, ni mogo\u010de izro\u010diti Izdelka, se Uporabnika o tem obvesti preko kontaktne poti, ki je bila uporabljena za oddajo Nakupa. Uporabnik mora v roku 24 ur od obvestila Izdelek prevzeti na sede\u017eu Ponudnika.<\/p>\n<h4>Cene in pla\u010dilo<\/h4>\n<p>Cene so v evrih in z vklju\u010denim davkom na dodano vrednost. Cene na Spletni strani so predstavljene pri opisu vsakega Izdelka in veljajo v trenutku Nakupa ter nimajo vnaprej dolo\u010dene veljavnosti in ne vsebujejo cene dostave. Cene in na\u010din pla\u010dila pri ostalih na\u010dinih Nakupa, pa se dogovorijo posebej.<\/p>\n<p>Na Spletni strani lahko Uporabnik Izdelek varno pla\u010da z eno od pla\u010dilnih kartic, ki jih Spletna stran sprejema Activa, Mastercard, Maestro, Visa in Visa Electron. Pla\u010dnik (Uporabnik) mora biti fizi\u010dna oseba, ali pravna oseba, ki je lastnik kartice. Po zaklju\u010dku Nakupa ni mogo\u010de spreminjati Izdelka, kon\u010dnega zneska, naslova za dostavo in drugih dogovorjenih pogojev. Pla\u010dilo je pogoj za izvedbo Nakupa.<\/p>\n<p>Pri Nakupu po telefonu in elektronski po\u0161ti, pa so mo\u017ena pla\u010dila s pla\u010dilno kartico Visa ali Eurocard na daljavo, osebno pri Ponudniku z gotovino ali pla\u010dilno kartico, pla\u010dilo na poslovni ra\u010dun Ponudnika, ali pla\u010dilo po povzetju z gotovino, kadar je Uporabnik tudi prejemnik in Ponudnik tak Nakup potrdi. Razen v zadnjem primeru, je prejeto pla\u010dilo pogoj za izvedbo Nakupa.<\/p>\n<p>Ponudnik pri Nakupu preko Spletne strani izda ra\u010dun na elektronskem mediju v obliki primerni za tiskanje. Pri vseh ostalih oblikah Nakupa pa se ra\u010dun izda na trajnem mediju (papir). Na posebno zahtevo Uporabnika se izda tudi ra\u010dun na trajnem mediju za nakupe preko Spletne strani.<\/p>\n<h4>Izdelki in storitve \u2013 odstopanja, garancija<\/h4>\n<p>Ponudnik se po svojih najbolj\u0161ih mo\u010deh trudi zagotoviti skladnost in a\u017eurnost podatkov in fotografij Izdelkov, objavljenih na Spletni strani.<\/p>\n<p>Informacija o morebitni garanciji je navedena tudi na strani s predstavitvijo Izdelka. \u010ce informacije o garanciji ni, Izdelek ali del izdelka zaradi svoje specifike nima garancije, ali pa podatek v tem trenutku ni znan. V slednjem primeru se lahko Uporabnik pri Ponudniku pozanima za konkretno informacijo.<\/p>\n<p>V primeru, da Uporabnik oceni, da se dostavljen Izdelek bistveno razlikuje od naro\u010denega Izdelka (informativne fotografije Izdelka), lahko dostavljen Izdelek osebno vrne na naslov Ponudnika v roku 24 ur od dostave, ki mu v primeru, da se dostavljeni Izdelek res bistveno razlikuje od naro\u010denega, Izdelek zamenja z novim.<\/p>\n<h4>Reklamacije in prito\u017ebe<\/h4>\n<p>Ponudnik se bo po vseh mo\u010deh trudi izpolnjevati svojo dol\u017enost vzpostaviti u\u010dinkovit sistem obravnavanja prito\u017eb. Prito\u017ebe in reklamacije lahko Uporabniki po\u0161ljejo po elektronski po\u0161ti, klasi\u010dni po\u0161ti ali faksu. Ponudnik bo v petih delovnih dneh potrdil, da je prejel prito\u017ebo, sporo\u010dil Uporabniku, kako dolgo jo bo obravnaval in ga vseskozi obve\u0161\u010dal o poteku postopka ter si prizadeval po svojih najbolj\u0161ih mo\u010deh, da se morebitni spori re\u0161ijo sporazumno.<\/p>\n<h4>Varnost<\/h4>\n<p>Ponudnik uporablja ustrezna tehnolo\u0161ka in organizacijska sredstva za za\u0161\u010dito prenosa in shranjevanja osebnih podatkov Uporabnika ter podatkov Nakupa. Ponudnik v te namene uporablja 128-bitni SSL certifikat, ki ga je izdala za to poobla\u0161\u010dena organizacija.<\/p>\n<p>Za varnost je odgovoren tudi Uporabnik sam, in sicer tako, da poskrbi za varnost svojega uporabni\u0161kega imena in gesla ter za ustrezno programsko in protivirusno za\u0161\u010dito svojega ra\u010dunalnika.<\/p>\n<h4>Varstvo otrok<\/h4>\n<p>Ponudnik na Spletni strani ne sprejema Nakupov od nekoga, za katerega ve ali sumi, da je otrok, ne da bi za to imel izrecno dovoljenje njegovih star\u0161ev ali skrbnikov. Ponudnik na Spletni strani ne ponuja vsebin ali Izdelkov, ki so \u0161kodljivi za otroke.<\/p>\n<p>Vsaka morebitna komunikacija, namenjena otrokom, bo primerna njihovi starosti in ne bo izkori\u0161\u010dala zaupljivosti otrok, pomanjkanja izku\u0161enj ali ob\u010dutka lojalnosti.<\/p>\n<\/div>\n<\/div>\n<\/div>\n<\/div>\n<p>[\/vc_column_text][\/vc_column][\/vc_row]<\/p>\n<\/div>","protected":false},"excerpt":{"rendered":"<p>[vc_row][vc_column column_width_percent=&#8221;100&#8243; align_horizontal=&#8221;align_center&#8221; gutter_size=&#8221;3&#8243; overlay_alpha=&#8221;50&#8243; shift_x=&#8221;0&#8243; shift_y=&#8221;0&#8243; shift_y_down=&#8221;0&#8243; z_index=&#8221;0&#8243; medium_width=&#8221;0&#8243; mobile_width=&#8221;0&#8243; width=&#8221;1\/1&#8243; uncode_shortcode_id=&#8221;249903&#8243;][vc_custom_heading heading_semantic=&#8221;h1&#8243; text_font=&#8221;font-175345&#8243; text_size=&#8221;fontsize-338686&#8243; text_weight=&#8221;700&#8243; text_height=&#8221;fontheight-357766&#8243; css_animation=&#8221;curtain-words&#8221; uncode_shortcode_id=&#8221;774566&#8243;]Pogoji [&hellip;]<\/p>\n","protected":false},"author":1,"featured_media":0,"parent":0,"menu_order":0,"comment_status":"closed","ping_status":"closed","template":"","meta":{"footnotes":""},"class_list":["post-148933","page","type-page","status-publish","hentry"],"_links":{"self":[{"href":"https:\/\/chesterpolje.com\/en\/wp-json\/wp\/v2\/pages\/148933"}],"collection":[{"href":"https:\/\/chesterpolje.com\/en\/wp-json\/wp\/v2\/pages"}],"about":[{"href":"https:\/\/chesterpolje.com\/en\/wp-json\/wp\/v2\/types\/page"}],"author":[{"embeddable":true,"href":"https:\/\/chesterpolje.com\/en\/wp-json\/wp\/v2\/users\/1"}],"replies":[{"embeddable":true,"href":"https:\/\/chesterpolje.com\/en\/wp-json\/wp\/v2\/comments?post=148933"}],"version-history":[{"count":1,"href":"https:\/\/chesterpolje.com\/en\/wp-json\/wp\/v2\/pages\/148933\/revisions"}],"predecessor-version":[{"id":148934,"href":"https:\/\/chesterpolje.com\/en\/wp-json\/wp\/v2\/pages\/148933\/revisions\/148934"}],"wp:attachment":[{"href":"https:\/\/chesterpolje.com\/en\/wp-json\/wp\/v2\/media?parent=148933"}],"curies":[{"name":"wp","href":"https:\/\/api.w.org\/{rel}","templated":true}]}}