{"id":148939,"date":"2015-06-11T16:03:51","date_gmt":"2015-06-11T14:03:51","guid":{"rendered":"https:\/\/chesterpolje.com\/frequently-asked-questions\/"},"modified":"2024-11-10T14:07:43","modified_gmt":"2024-11-10T13:07:43","slug":"frequently-asked-questions","status":"publish","type":"page","link":"https:\/\/chesterpolje.com\/en\/frequently-asked-questions\/","title":{"rendered":"Frequently asked questions"},"content":{"rendered":"<div class=\"wpb-content-wrapper\"><p>[vc_row row_height_percent=&#8221;60&#8243; override_padding=&#8221;yes&#8221; h_padding=&#8221;2&#8243; top_padding=&#8221;4&#8243; bottom_padding=&#8221;4&#8243; back_color=&#8221;color-wayh&#8221; back_image=&#8221;147192&#8243; back_position=&#8221;center bottom&#8221; parallax=&#8221;yes&#8221; overlay_color=&#8221;color-jevc&#8221; overlay_alpha=&#8221;82&#8243; gutter_size=&#8221;3&#8243; column_width_percent=&#8221;100&#8243; shift_y=&#8221;0&#8243; z_index=&#8221;0&#8243; enable_bottom_divider=&#8221;default&#8221; bottom_divider=&#8221;gradient&#8221; shape_bottom_h_use_pixel=&#8221;true&#8221; shape_bottom_height_percent=&#8221;100&#8243; shape_bottom_color=&#8221;color-wayh&#8221; shape_bottom_opacity=&#8221;50&#8243; shape_bottom_index=&#8221;0&#8243; content_parallax=&#8221;5&#8243; uncode_shortcode_id=&#8221;231892&#8243; back_color_type=&#8221;uncode-palette&#8221; overlay_color_type=&#8221;uncode-palette&#8221; shape_bottom_color_type=&#8221;uncode-palette&#8221;][vc_column column_width_percent=&#8221;100&#8243; position_vertical=&#8221;bottom&#8221; gutter_size=&#8221;3&#8243; style=&#8221;dark&#8221; overlay_alpha=&#8221;50&#8243; shift_x=&#8221;0&#8243; shift_y=&#8221;0&#8243; shift_y_down=&#8221;0&#8243; z_index=&#8221;0&#8243; medium_width=&#8221;0&#8243; mobile_width=&#8221;0&#8243; zoom_width=&#8221;0&#8243; zoom_height=&#8221;0&#8243; width=&#8221;1\/1&#8243; uncode_shortcode_id=&#8221;335162&#8243;][vc_custom_heading heading_semantic=&#8221;h1&#8243; text_size=&#8221;fontsize-445851&#8243; text_weight=&#8221;700&#8243; text_height=&#8221;fontheight-578034&#8243; text_uppercase=&#8221;&#8221; uncode_shortcode_id=&#8221;698441&#8243; el_class=&#8221;my-heading&#8221;]Pogosta vpra\u0161anja[\/vc_custom_heading][vc_custom_heading heading_semantic=&#8221;h3&#8243; text_size=&#8221;h3&#8243; text_space=&#8221;fontspace-781688&#8243; uncode_shortcode_id=&#8221;137503&#8243;]Imate vpra\u0161anje? Morda je \u017ee odgovorjeno tukaj![\/vc_custom_heading][\/vc_column][\/vc_row][vc_row row_height_percent=&#8221;0&#8243; override_padding=&#8221;yes&#8221; h_padding=&#8221;2&#8243; top_padding=&#8221;4&#8243; bottom_padding=&#8221;4&#8243; overlay_alpha=&#8221;100&#8243; gutter_size=&#8221;100&#8243; column_width_percent=&#8221;100&#8243; shift_y=&#8221;0&#8243; z_index=&#8221;0&#8243; style=&#8221;inherited&#8221;][vc_column column_width_percent=&#8221;100&#8243; gutter_size=&#8221;3&#8243; overlay_alpha=&#8221;50&#8243; shift_x=&#8221;0&#8243; shift_y=&#8221;0&#8243; shift_y_down=&#8221;0&#8243; z_index=&#8221;0&#8243; medium_width=&#8221;0&#8243; mobile_width=&#8221;0&#8243; zoom_width=&#8221;0&#8243; zoom_height=&#8221;0&#8243; width=&#8221;1\/1&#8243; uncode_shortcode_id=&#8221;790384&#8243;][vc_custom_heading heading_semantic=&#8221;h3&#8243; text_size=&#8221;h3&#8243; text_space=&#8221;fontspace-781688&#8243; uncode_shortcode_id=&#8221;926722&#8243;]Splo\u0161na vpra\u0161anja[\/vc_custom_heading][vc_accordion typography=&#8221;advanced&#8221; sign=&#8221;plus&#8221; content_border=&#8221;yes&#8221; title_padding=&#8221;yes&#8221; gutter_simple=&#8221;1&#8243; no_h_padding=&#8221;yes&#8221; titles_size=&#8221;h5&#8243; titles_weight=&#8221;500&#8243; active_tab=&#8221;0&#8243; uncode_shortcode_id=&#8221;143995&#8243;][vc_accordion_tab gutter_size=&#8221;2&#8243; column_padding=&#8221;2&#8243; title=&#8221;Kako lahko stopim v kontakt z vami?&#8221; tab_id=&#8221;24a731b5-e185-3&#8243;][vc_column_text uncode_shortcode_id=&#8221;183260&#8243;]Za morebitna vpra\u0161anja smo za vas dosegljivi na <a href=\"mailto:info@chesterpolje.com\">info@chesterpolje.com<\/a> ali telefonske \u0161tevilke <strong>(+386) 30 208 236<\/strong>. Lahko nas kontaktirate tudi preko kontaktnega obrazca v zavihku &#8220;<strong>Kontakt<\/strong>&#8221; ter preko hitrega klepeta, ki ga najdete na spletni strani v levem spodnjem kotu.[\/vc_column_text][\/vc_accordion_tab][vc_accordion_tab gutter_size=&#8221;2&#8243; column_padding=&#8221;2&#8243; title=&#8221;Ali lahko izdelek vrnem?&#8221; tab_id=&#8221;51669b3a-8e8e-2&#8243;][vc_column_text uncode_shortcode_id=&#8221;175336&#8243;]14 dni od prejema izdelka imate pravico da po\u0161ljete zahtevo za vra\u010dilo izdelka na <a href=\"mailto:info@chesterpolje.com\">info@chesterpolje.com<\/a>. Pogoj za vra\u010dilo kupnine je, da izdelek vrnete v prvotnem stanju.[\/vc_column_text][\/vc_accordion_tab][vc_accordion_tab gutter_size=&#8221;2&#8243; column_padding=&#8221;2&#8243; title=&#8221;V kolik\u0161nem \u010dasu bom prejel paket?&#8221; tab_id=&#8221;ef5915c9-1af0-2&#8243;][vc_column_text uncode_shortcode_id=&#8221;373135&#8243;]\u010cas dostave paketa, je odvisen od dneva in ure naro\u010dila, pa tudi od izbrane dostavne slu\u017ebe. Ve\u010dina paketov pa do naro\u010dnika dospe v roku 3-5 delovnih dneh.[\/vc_column_text][\/vc_accordion_tab][vc_accordion_tab gutter_size=&#8221;2&#8243; column_padding=&#8221;2&#8243; title=&#8221;Ali lahko spremenim naro\u010dilo?&#8221; tab_id=&#8221;0a882431-6c4b-0&#8243;][vc_column_text uncode_shortcode_id=&#8221;191827&#8243;]\u010ce \u017eelite k naro\u010dilu dodati izdelek ali pa spremeniti podatke o dostavi, nam v najkraj\u0161em mo\u017enem \u010dasu, po\u0161ljite sporo\u010dilo na <a href=\"mailto:info@chesterpolje.com\">info@chesterpolje.com<\/a>.[\/vc_column_text][\/vc_accordion_tab][\/vc_accordion][\/vc_column][\/vc_row]<\/p>\n<\/div>","protected":false},"excerpt":{"rendered":"<p>[vc_row row_height_percent=&#8221;60&#8243; override_padding=&#8221;yes&#8221; h_padding=&#8221;2&#8243; top_padding=&#8221;4&#8243; bottom_padding=&#8221;4&#8243; back_color=&#8221;color-wayh&#8221; back_image=&#8221;147192&#8243; back_position=&#8221;center bottom&#8221; parallax=&#8221;yes&#8221; overlay_color=&#8221;color-jevc&#8221; overlay_alpha=&#8221;82&#8243; gutter_size=&#8221;3&#8243; column_width_percent=&#8221;100&#8243; shift_y=&#8221;0&#8243; z_index=&#8221;0&#8243; enable_bottom_divider=&#8221;default&#8221; bottom_divider=&#8221;gradient&#8221; shape_bottom_h_use_pixel=&#8221;true&#8221; [&hellip;]<\/p>\n","protected":false},"author":1,"featured_media":0,"parent":0,"menu_order":0,"comment_status":"open","ping_status":"closed","template":"","meta":{"footnotes":""},"class_list":["post-148939","page","type-page","status-publish","hentry"],"_links":{"self":[{"href":"https:\/\/chesterpolje.com\/en\/wp-json\/wp\/v2\/pages\/148939"}],"collection":[{"href":"https:\/\/chesterpolje.com\/en\/wp-json\/wp\/v2\/pages"}],"about":[{"href":"https:\/\/chesterpolje.com\/en\/wp-json\/wp\/v2\/types\/page"}],"author":[{"embeddable":true,"href":"https:\/\/chesterpolje.com\/en\/wp-json\/wp\/v2\/users\/1"}],"replies":[{"embeddable":true,"href":"https:\/\/chesterpolje.com\/en\/wp-json\/wp\/v2\/comments?post=148939"}],"version-history":[{"count":1,"href":"https:\/\/chesterpolje.com\/en\/wp-json\/wp\/v2\/pages\/148939\/revisions"}],"predecessor-version":[{"id":148940,"href":"https:\/\/chesterpolje.com\/en\/wp-json\/wp\/v2\/pages\/148939\/revisions\/148940"}],"wp:attachment":[{"href":"https:\/\/chesterpolje.com\/en\/wp-json\/wp\/v2\/media?parent=148939"}],"curies":[{"name":"wp","href":"https:\/\/api.w.org\/{rel}","templated":true}]}}